{"id":1114,"date":"2024-09-12T10:25:00","date_gmt":"2024-09-12T08:25:00","guid":{"rendered":"https:\/\/www.autoecolegeorges.mc\/terms-of-use\/"},"modified":"2024-09-12T14:46:51","modified_gmt":"2024-09-12T12:46:51","slug":"terms-of-use","status":"publish","type":"page","link":"https:\/\/www.autoecolegeorges.mc\/en\/terms-of-use\/","title":{"rendered":"Terms of use"},"content":{"rendered":"\t\t<div data-elementor-type=\"wp-page\" data-elementor-id=\"1114\" class=\"elementor elementor-1114 elementor-1105\" data-elementor-post-type=\"page\">\n\t\t\t\t<div class=\"elementor-element elementor-element-a774246 e-flex e-con-boxed e-con e-parent\" data-id=\"a774246\" data-element_type=\"container\" data-core-v316-plus=\"true\">\n\t\t\t\t\t<div class=\"e-con-inner\">\n\t\t\t\t<div class=\"elementor-element elementor-element-1d3606c elementor-widget elementor-widget-text-editor\" data-id=\"1d3606c\" data-element_type=\"widget\" data-widget_type=\"text-editor.default\">\n\t\t\t\t<div class=\"elementor-widget-container\">\n\t\t\t<style>\/*! elementor - v3.20.0 - 26-03-2024 *\/\n.elementor-widget-text-editor.elementor-drop-cap-view-stacked .elementor-drop-cap{background-color:#69727d;color:#fff}.elementor-widget-text-editor.elementor-drop-cap-view-framed .elementor-drop-cap{color:#69727d;border:3px solid;background-color:transparent}.elementor-widget-text-editor:not(.elementor-drop-cap-view-default) .elementor-drop-cap{margin-top:8px}.elementor-widget-text-editor:not(.elementor-drop-cap-view-default) .elementor-drop-cap-letter{width:1em;height:1em}.elementor-widget-text-editor .elementor-drop-cap{float:left;text-align:center;line-height:1;font-size:50px}.elementor-widget-text-editor .elementor-drop-cap-letter{display:inline-block}<\/style>\t\t\t\t<p>This website is published under the direction of Auto \u00c9cole Georges, located at &#8220;45 rue Grimaldi, 98000 Monaco&#8221;.<\/p>\n<\/p>\n<p>Publication manager: Yoann CONNORD<br \/>Site manager: Yoann CONNORD<br \/>Tel. <a href=\"tel:+37793308525\">+377 93 30 85 25<\/a><\/p>\n\t\t\t\t\t\t<\/div>\n\t\t\t\t<\/div>\n\t\t\t\t<div class=\"elementor-element elementor-element-2f06eaf elementor-widget elementor-widget-heading\" data-id=\"2f06eaf\" data-element_type=\"widget\" data-widget_type=\"heading.default\">\n\t\t\t\t<div class=\"elementor-widget-container\">\n\t\t\t<style>\/*! elementor - v3.20.0 - 26-03-2024 *\/\n.elementor-heading-title{padding:0;margin:0;line-height:1}.elementor-widget-heading .elementor-heading-title[class*=elementor-size-]>a{color:inherit;font-size:inherit;line-height:inherit}.elementor-widget-heading .elementor-heading-title.elementor-size-small{font-size:15px}.elementor-widget-heading .elementor-heading-title.elementor-size-medium{font-size:19px}.elementor-widget-heading .elementor-heading-title.elementor-size-large{font-size:29px}.elementor-widget-heading .elementor-heading-title.elementor-size-xl{font-size:39px}.elementor-widget-heading .elementor-heading-title.elementor-size-xxl{font-size:59px}<\/style><h2 class=\"elementor-heading-title elementor-size-default\">Technical production<\/h2>\t\t<\/div>\n\t\t\t\t<\/div>\n\t\t\t\t<div class=\"elementor-element elementor-element-9e0d918 elementor-widget elementor-widget-text-editor\" data-id=\"9e0d918\" data-element_type=\"widget\" data-widget_type=\"text-editor.default\">\n\t\t\t\t<div class=\"elementor-widget-container\">\n\t\t\t\t\t\t\t<p>COQPIT<br \/>5 rue Valentin Hauy,<br \/>63000 Clermont-Ferrand<br \/>Telephone: <a href=\"tel:0473386725\">04 73 38 67 25<\/a><br \/>Website: <a href=\"http:\/\/www.coqpit.fr\" target=\"_blank\" rel=\"noopener\">www.coqpit.fr<\/a><\/p>\n\t\t\t\t\t\t<\/div>\n\t\t\t\t<\/div>\n\t\t\t\t<div class=\"elementor-element elementor-element-dc9ad92 elementor-widget elementor-widget-heading\" data-id=\"dc9ad92\" data-element_type=\"widget\" data-widget_type=\"heading.default\">\n\t\t\t\t<div class=\"elementor-widget-container\">\n\t\t\t<h2 class=\"elementor-heading-title elementor-size-default\">Hosting<\/h2>\t\t<\/div>\n\t\t\t\t<\/div>\n\t\t\t\t<div class=\"elementor-element elementor-element-f3ea888 elementor-widget elementor-widget-text-editor\" data-id=\"f3ea888\" data-element_type=\"widget\" data-widget_type=\"text-editor.default\">\n\t\t\t\t<div class=\"elementor-widget-container\">\n\t\t\t\t\t\t\t<p>Scaleway Dedibox<\/p>\n<p>11bis Rue Roqu\u00e9pine<\/p>\n<p>75008 Paris<\/p>\n<p>SIRET 43311590400057<\/p>\n\t\t\t\t\t\t<\/div>\n\t\t\t\t<\/div>\n\t\t\t\t<div class=\"elementor-element elementor-element-ae804ff elementor-widget elementor-widget-heading\" data-id=\"ae804ff\" data-element_type=\"widget\" data-widget_type=\"heading.default\">\n\t\t\t\t<div class=\"elementor-widget-container\">\n\t\t\t<h2 class=\"elementor-heading-title elementor-size-default\">Personal data processing<\/h2>\t\t<\/div>\n\t\t\t\t<\/div>\n\t\t\t\t<div class=\"elementor-element elementor-element-b050fb8 elementor-widget elementor-widget-text-editor\" data-id=\"b050fb8\" data-element_type=\"widget\" data-widget_type=\"text-editor.default\">\n\t\t\t\t<div class=\"elementor-widget-container\">\n\t\t\t\t\t\t\t<p>Personal data is not stored by the website.<br \/>\nAll data sent via the forms is transmitted to the various organizations that are committed to respecting personal data and processing your request.<br \/>\nIn accordance with the planning of the European regulation on personal data, you can make a request via the contact form to request the deletion of your personal data.  <\/p>\n\t\t\t\t\t\t<\/div>\n\t\t\t\t<\/div>\n\t\t\t\t<div class=\"elementor-element elementor-element-5726361 elementor-widget elementor-widget-heading\" data-id=\"5726361\" data-element_type=\"widget\" data-widget_type=\"heading.default\">\n\t\t\t\t<div class=\"elementor-widget-container\">\n\t\t\t<h2 class=\"elementor-heading-title elementor-size-default\">Copyright<\/h2>\t\t<\/div>\n\t\t\t\t<\/div>\n\t\t\t\t<div class=\"elementor-element elementor-element-075f1ec elementor-widget elementor-widget-text-editor\" data-id=\"075f1ec\" data-element_type=\"widget\" data-widget_type=\"text-editor.default\">\n\t\t\t\t<div class=\"elementor-widget-container\">\n\t\t\t\t\t\t\t<p>All trademarks, photographs, texts, comments, illustrations, images (animated or not), video sequences, sounds, as well as all computer applications that may be used to operate this site and, more generally, all elements reproduced or used on the site are protected by current intellectual property laws.<br \/>\nThey are the full and complete property of the publisher or its partners.<br \/>\nReproductions of all or part of this site on paper or electronic media are authorized only for personal and private use in compliance with the provisions of the intellectual property code.<br \/>\nSuch reproductions must clearly and legibly mention the source and author of the site.<br \/>\nUnder no circumstances may these reproductions be prejudicial to the authors.<br \/>\nThe photographs, texts, logos, pictograms and all intellectual works on this site are the property of Auto \u00c9cole Georges or third parties who have authorized their use.<br \/>\nPlease send your request via the contact form to be authorized to use the content of the website.      <\/p>\n\t\t\t\t\t\t<\/div>\n\t\t\t\t<\/div>\n\t\t\t\t<div class=\"elementor-element elementor-element-c735ef5 elementor-widget elementor-widget-heading\" data-id=\"c735ef5\" data-element_type=\"widget\" data-widget_type=\"heading.default\">\n\t\t\t\t<div class=\"elementor-widget-container\">\n\t\t\t<h2 class=\"elementor-heading-title elementor-size-default\">Links to third-party sites<\/h2>\t\t<\/div>\n\t\t\t\t<\/div>\n\t\t\t\t<div class=\"elementor-element elementor-element-0a33dee elementor-widget elementor-widget-text-editor\" data-id=\"0a33dee\" data-element_type=\"widget\" data-widget_type=\"text-editor.default\">\n\t\t\t\t<div class=\"elementor-widget-container\">\n\t\t\t\t\t\t\t<p>Hypertext links may appear on the Auto \u00c9cole Georges website and lead to other services or websites, including those of partners of Auto \u00c9cole Georges.<br \/>\nInsofar as Auto \u00c9cole Georges cannot control the content of these services or Internet sites, users acknowledge that Auto \u00c9cole Georges cannot be held responsible in particular for the products, services, information available on and\/or from these services or Internet sites.<br \/>\nAny information accessible via a link to other sites is not under the control of Auto \u00c9cole Georges, which declines all responsibility for their content.<br \/>\nL&#8217;Auto \u00c9cole Georges is free to modify the list of its partners at any time.   <\/p>\n\t\t\t\t\t\t<\/div>\n\t\t\t\t<\/div>\n\t\t\t\t<div class=\"elementor-element elementor-element-8c3bec1 elementor-widget elementor-widget-heading\" data-id=\"8c3bec1\" data-element_type=\"widget\" data-widget_type=\"heading.default\">\n\t\t\t\t<div class=\"elementor-widget-container\">\n\t\t\t<h2 class=\"elementor-heading-title elementor-size-default\">Liability<\/h2>\t\t<\/div>\n\t\t\t\t<\/div>\n\t\t\t\t<div class=\"elementor-element elementor-element-6a9dd1f elementor-widget elementor-widget-text-editor\" data-id=\"6a9dd1f\" data-element_type=\"widget\" data-widget_type=\"text-editor.default\">\n\t\t\t\t<div class=\"elementor-widget-container\">\n\t\t\t\t\t\t\t<p>L&#8217;Auto \u00c9cole Georges cannot be held responsible for any direct or indirect damage resulting from an interruption, malfunction of any kind whatsoever, suspension of access to these hypertext links &#8211; for any reason whatsoever, or for any direct or indirect damage resulting in any way whatsoever from connecting to them.<\/p>\n\t\t\t\t\t\t<\/div>\n\t\t\t\t<\/div>\n\t\t\t\t<div class=\"elementor-element elementor-element-8e5bcd4 elementor-widget elementor-widget-text-editor\" data-id=\"8e5bcd4\" data-element_type=\"widget\" data-widget_type=\"text-editor.default\">\n\t\t\t\t<div class=\"elementor-widget-container\">\n\t\t\t\t\t\t\t<p>L&#8217;Auto \u00c9cole Georges makes every effort to ensure the accuracy of the information available on this site.<br \/>\nHowever, this does not exclude the presence of typographical errors or other inaccuracies.<br \/>\nAny errors or incorrect information found on the site can only be accidental.<br \/>\nAuto \u00c9cole Georges reserves the right to modify these errors at any time and without prior notice.   <\/p>\n\t\t\t\t\t\t<\/div>\n\t\t\t\t<\/div>\n\t\t\t\t<div class=\"elementor-element elementor-element-792dfd0 elementor-widget elementor-widget-heading\" data-id=\"792dfd0\" data-element_type=\"widget\" data-widget_type=\"heading.default\">\n\t\t\t\t<div class=\"elementor-widget-container\">\n\t\t\t<h2 class=\"elementor-heading-title elementor-size-default\">Building inbound links<\/h2>\t\t<\/div>\n\t\t\t\t<\/div>\n\t\t\t\t<div class=\"elementor-element elementor-element-b93d929 elementor-widget elementor-widget-text-editor\" data-id=\"b93d929\" data-element_type=\"widget\" data-widget_type=\"text-editor.default\">\n\t\t\t\t<div class=\"elementor-widget-container\">\n\t\t\t\t\t\t\t<p>L&#8217;Auto \u00c9cole Georges authorizes the creation of hypertext links to all sites, with the exception of those containing information of a controversial, pornographic or xenophobic nature, or which may offend the sensibilities of a large number of people.<br \/>\nIn the absence of specific authorization, the link must appear in a new window, and the pages of the www.autoecolegeorges.mc site must under no circumstances be integrated within the pages of another site. <\/p>\n\t\t\t\t\t\t<\/div>\n\t\t\t\t<\/div>\n\t\t\t\t\t<\/div>\n\t\t\t\t<\/div>\n\t\t\t\t<\/div>\n\t\t","protected":false},"excerpt":{"rendered":"<p>This website is published under the direction of Auto \u00c9cole Georges, located at &#8220;45 rue Grimaldi, 98000 Monaco&#8221;. Publication manager: Yoann CONNORDSite manager: Yoann CONNORDTel. +377 93 30 85 25 Technical production COQPIT5 rue Valentin Hauy,63000 Clermont-FerrandTelephone: 04 73 38 67 25Website: www.coqpit.fr Hosting Scaleway Dedibox 11bis Rue Roqu\u00e9pine 75008 Paris SIRET 43311590400057 Personal data [&hellip;]<\/p>\n","protected":false},"author":1,"featured_media":0,"parent":0,"menu_order":0,"comment_status":"closed","ping_status":"closed","template":"","meta":{"_acf_changed":false,"footnotes":""},"acf":[],"yoast_head":"<!-- This site is optimized with the Yoast SEO plugin v22.4 - https:\/\/yoast.com\/wordpress\/plugins\/seo\/ -->\n<title>Terms of use - Auto \u00c9cole Georges<\/title>\n<meta name=\"robots\" content=\"index, follow, max-snippet:-1, max-image-preview:large, max-video-preview:-1\" \/>\n<link rel=\"canonical\" href=\"https:\/\/www.autoecolegeorges.mc\/en\/terms-of-use\/\" \/>\n<meta property=\"og:locale\" content=\"en_US\" \/>\n<meta property=\"og:type\" content=\"article\" \/>\n<meta property=\"og:title\" content=\"Terms of use - Auto \u00c9cole Georges\" \/>\n<meta property=\"og:description\" content=\"This website is published under the direction of Auto \u00c9cole Georges, located at &#8220;45 rue Grimaldi, 98000 Monaco&#8221;. Publication manager: Yoann CONNORDSite manager: Yoann CONNORDTel. +377 93 30 85 25 Technical production COQPIT5 rue Valentin Hauy,63000 Clermont-FerrandTelephone: 04 73 38 67 25Website: www.coqpit.fr Hosting Scaleway Dedibox 11bis Rue Roqu\u00e9pine 75008 Paris SIRET 43311590400057 Personal data [&hellip;]\" \/>\n<meta property=\"og:url\" content=\"https:\/\/www.autoecolegeorges.mc\/en\/terms-of-use\/\" \/>\n<meta property=\"og:site_name\" content=\"Auto \u00c9cole Georges\" \/>\n<meta property=\"article:modified_time\" content=\"2024-09-12T12:46:51+00:00\" \/>\n<meta name=\"twitter:card\" content=\"summary_large_image\" \/>\n<meta name=\"twitter:label1\" content=\"Est. reading time\" \/>\n\t<meta name=\"twitter:data1\" content=\"3 minutes\" \/>\n<script type=\"application\/ld+json\" class=\"yoast-schema-graph\">{\"@context\":\"https:\/\/schema.org\",\"@graph\":[{\"@type\":\"WebPage\",\"@id\":\"https:\/\/www.autoecolegeorges.mc\/en\/terms-of-use\/\",\"url\":\"https:\/\/www.autoecolegeorges.mc\/en\/terms-of-use\/\",\"name\":\"Terms of use - Auto \u00c9cole Georges\",\"isPartOf\":{\"@id\":\"https:\/\/www.autoecolegeorges.mc\/en\/#website\"},\"datePublished\":\"2024-09-12T08:25:00+00:00\",\"dateModified\":\"2024-09-12T12:46:51+00:00\",\"breadcrumb\":{\"@id\":\"https:\/\/www.autoecolegeorges.mc\/en\/terms-of-use\/#breadcrumb\"},\"inLanguage\":\"en-US\",\"potentialAction\":[{\"@type\":\"ReadAction\",\"target\":[\"https:\/\/www.autoecolegeorges.mc\/en\/terms-of-use\/\"]}]},{\"@type\":\"BreadcrumbList\",\"@id\":\"https:\/\/www.autoecolegeorges.mc\/en\/terms-of-use\/#breadcrumb\",\"itemListElement\":[{\"@type\":\"ListItem\",\"position\":1,\"name\":\"Home\",\"item\":\"https:\/\/www.autoecolegeorges.mc\/en\/\"},{\"@type\":\"ListItem\",\"position\":2,\"name\":\"Terms of use\"}]},{\"@type\":\"WebSite\",\"@id\":\"https:\/\/www.autoecolegeorges.mc\/en\/#website\",\"url\":\"https:\/\/www.autoecolegeorges.mc\/en\/\",\"name\":\"Auto \u00c9cole Georges\",\"description\":\"Apprenez \u00e0 conduire \u00e0 Monaco en toute s\u00e9curit\u00e9.\",\"publisher\":{\"@id\":\"https:\/\/www.autoecolegeorges.mc\/en\/#organization\"},\"potentialAction\":[{\"@type\":\"SearchAction\",\"target\":{\"@type\":\"EntryPoint\",\"urlTemplate\":\"https:\/\/www.autoecolegeorges.mc\/en\/?s={search_term_string}\"},\"query-input\":\"required name=search_term_string\"}],\"inLanguage\":\"en-US\"},{\"@type\":\"Organization\",\"@id\":\"https:\/\/www.autoecolegeorges.mc\/en\/#organization\",\"name\":\"Auto \u00c9cole Georges\",\"url\":\"https:\/\/www.autoecolegeorges.mc\/en\/\",\"logo\":{\"@type\":\"ImageObject\",\"inLanguage\":\"en-US\",\"@id\":\"https:\/\/www.autoecolegeorges.mc\/en\/#\/schema\/logo\/image\/\",\"url\":\"https:\/\/www.autoecolegeorges.mc\/wp-content\/uploads\/2024\/04\/logo-200.png\",\"contentUrl\":\"https:\/\/www.autoecolegeorges.mc\/wp-content\/uploads\/2024\/04\/logo-200.png\",\"width\":200,\"height\":54,\"caption\":\"Auto \u00c9cole Georges\"},\"image\":{\"@id\":\"https:\/\/www.autoecolegeorges.mc\/en\/#\/schema\/logo\/image\/\"}}]}<\/script>\n<!-- \/ Yoast SEO plugin. -->","yoast_head_json":{"title":"Terms of use - Auto \u00c9cole Georges","robots":{"index":"index","follow":"follow","max-snippet":"max-snippet:-1","max-image-preview":"max-image-preview:large","max-video-preview":"max-video-preview:-1"},"canonical":"https:\/\/www.autoecolegeorges.mc\/en\/terms-of-use\/","og_locale":"en_US","og_type":"article","og_title":"Terms of use - Auto \u00c9cole Georges","og_description":"This website is published under the direction of Auto \u00c9cole Georges, located at &#8220;45 rue Grimaldi, 98000 Monaco&#8221;. Publication manager: Yoann CONNORDSite manager: Yoann CONNORDTel. +377 93 30 85 25 Technical production COQPIT5 rue Valentin Hauy,63000 Clermont-FerrandTelephone: 04 73 38 67 25Website: www.coqpit.fr Hosting Scaleway Dedibox 11bis Rue Roqu\u00e9pine 75008 Paris SIRET 43311590400057 Personal data [&hellip;]","og_url":"https:\/\/www.autoecolegeorges.mc\/en\/terms-of-use\/","og_site_name":"Auto \u00c9cole Georges","article_modified_time":"2024-09-12T12:46:51+00:00","twitter_card":"summary_large_image","twitter_misc":{"Est. reading time":"3 minutes"},"schema":{"@context":"https:\/\/schema.org","@graph":[{"@type":"WebPage","@id":"https:\/\/www.autoecolegeorges.mc\/en\/terms-of-use\/","url":"https:\/\/www.autoecolegeorges.mc\/en\/terms-of-use\/","name":"Terms of use - Auto \u00c9cole Georges","isPartOf":{"@id":"https:\/\/www.autoecolegeorges.mc\/en\/#website"},"datePublished":"2024-09-12T08:25:00+00:00","dateModified":"2024-09-12T12:46:51+00:00","breadcrumb":{"@id":"https:\/\/www.autoecolegeorges.mc\/en\/terms-of-use\/#breadcrumb"},"inLanguage":"en-US","potentialAction":[{"@type":"ReadAction","target":["https:\/\/www.autoecolegeorges.mc\/en\/terms-of-use\/"]}]},{"@type":"BreadcrumbList","@id":"https:\/\/www.autoecolegeorges.mc\/en\/terms-of-use\/#breadcrumb","itemListElement":[{"@type":"ListItem","position":1,"name":"Home","item":"https:\/\/www.autoecolegeorges.mc\/en\/"},{"@type":"ListItem","position":2,"name":"Terms of use"}]},{"@type":"WebSite","@id":"https:\/\/www.autoecolegeorges.mc\/en\/#website","url":"https:\/\/www.autoecolegeorges.mc\/en\/","name":"Auto \u00c9cole Georges","description":"Apprenez \u00e0 conduire \u00e0 Monaco en toute s\u00e9curit\u00e9.","publisher":{"@id":"https:\/\/www.autoecolegeorges.mc\/en\/#organization"},"potentialAction":[{"@type":"SearchAction","target":{"@type":"EntryPoint","urlTemplate":"https:\/\/www.autoecolegeorges.mc\/en\/?s={search_term_string}"},"query-input":"required name=search_term_string"}],"inLanguage":"en-US"},{"@type":"Organization","@id":"https:\/\/www.autoecolegeorges.mc\/en\/#organization","name":"Auto \u00c9cole Georges","url":"https:\/\/www.autoecolegeorges.mc\/en\/","logo":{"@type":"ImageObject","inLanguage":"en-US","@id":"https:\/\/www.autoecolegeorges.mc\/en\/#\/schema\/logo\/image\/","url":"https:\/\/www.autoecolegeorges.mc\/wp-content\/uploads\/2024\/04\/logo-200.png","contentUrl":"https:\/\/www.autoecolegeorges.mc\/wp-content\/uploads\/2024\/04\/logo-200.png","width":200,"height":54,"caption":"Auto \u00c9cole Georges"},"image":{"@id":"https:\/\/www.autoecolegeorges.mc\/en\/#\/schema\/logo\/image\/"}}]}},"_links":{"self":[{"href":"https:\/\/www.autoecolegeorges.mc\/en\/wp-json\/wp\/v2\/pages\/1114"}],"collection":[{"href":"https:\/\/www.autoecolegeorges.mc\/en\/wp-json\/wp\/v2\/pages"}],"about":[{"href":"https:\/\/www.autoecolegeorges.mc\/en\/wp-json\/wp\/v2\/types\/page"}],"author":[{"embeddable":true,"href":"https:\/\/www.autoecolegeorges.mc\/en\/wp-json\/wp\/v2\/users\/1"}],"replies":[{"embeddable":true,"href":"https:\/\/www.autoecolegeorges.mc\/en\/wp-json\/wp\/v2\/comments?post=1114"}],"version-history":[{"count":1,"href":"https:\/\/www.autoecolegeorges.mc\/en\/wp-json\/wp\/v2\/pages\/1114\/revisions"}],"predecessor-version":[{"id":1115,"href":"https:\/\/www.autoecolegeorges.mc\/en\/wp-json\/wp\/v2\/pages\/1114\/revisions\/1115"}],"wp:attachment":[{"href":"https:\/\/www.autoecolegeorges.mc\/en\/wp-json\/wp\/v2\/media?parent=1114"}],"curies":[{"name":"wp","href":"https:\/\/api.w.org\/{rel}","templated":true}]}}